{"id":53,"date":"2026-03-16T13:59:22","date_gmt":"2026-03-16T13:59:22","guid":{"rendered":"https:\/\/zybmica.guru\/?page_id=53"},"modified":"2026-03-16T13:59:30","modified_gmt":"2026-03-16T13:59:30","slug":"rechtliche-identitaet","status":"publish","type":"page","link":"https:\/\/zybmica.guru\/?page_id=53","title":{"rendered":"Rechtliche Identit\u00e4t"},"content":{"rendered":"\n<p>Diese Sektion dient der gesetzlichen Transparenz sowie der Identifikation des Verantwortlichen f\u00fcr die Plattform zybmica. Kevin Kobalter steht f\u00fcr Pr\u00e4zision im Handwerk sowie Klarheit in der gesch\u00e4ftlichen Kommunikation.<\/p>\n\n\n\n<p><strong>Angaben gem\u00e4\u00df Paragraph f\u00fcnf des Digitale Dienste Gesetzes<\/strong><\/p>\n\n\n\n<p>\u29bf <strong>Inhaber des Ateliers :<\/strong> Kevin Kobalter<\/p>\n\n\n\n<p>\u29bf <strong>Hausanschrift :<\/strong> Schwedter Stra\u00dfe 34 : 10435 Berlin : Deutschland<\/p>\n\n\n\n<p>\u29bf <strong>Elektronische Erreichbarkeit :<\/strong> support@zybmica.guru<\/p>\n\n\n\n<p><strong>Steuerliche Registrierung<\/strong> Die Identit\u00e4t wird unter der folgenden Nummer gef\u00fchrt : Umsatzsteuer Identifikationsnummer gem\u00e4\u00df Paragraph siebenundzwanzig a des Umsatzsteuergesetzes lautet <strong>DE403953266<\/strong>.<\/p>\n\n\n\n<p>Die Europ\u00e4ische Kommission stellt eine Plattform zur Online Streitbeilegung bereit. Kevin Kobalter ist weder bereit noch verpflichtet : an einem Streitbeilegungsverfahren vor einer Verbraucherschlichtungsstelle teilzunehmen. Die Integrit\u00e4t unserer Arbeit an der Schwedter Stra\u00dfe 34 bildet das Fundament f\u00fcr jedes Projekt.<\/p>\n","protected":false},"excerpt":{"rendered":"<p>Diese Sektion dient der gesetzlichen Transparenz sowie der Identifikation des Verantwortlichen f\u00fcr die Plattform zybmica. Kevin Kobalter steht f\u00fcr Pr\u00e4zision<\/p>\n<p><a href=\"https:\/\/zybmica.guru\/?page_id=53\" class=\"more-link\">Continue reading<span class=\"screen-reader-text\">Rechtliche Identit\u00e4t<\/span><\/a><\/p>\n","protected":false},"author":1,"featured_media":0,"parent":0,"menu_order":6,"comment_status":"closed","ping_status":"closed","template":"","meta":{"footnotes":""},"class_list":["post-53","page","type-page","status-publish","hentry"],"_links":{"self":[{"href":"https:\/\/zybmica.guru\/index.php?rest_route=\/wp\/v2\/pages\/53","targetHints":{"allow":["GET"]}}],"collection":[{"href":"https:\/\/zybmica.guru\/index.php?rest_route=\/wp\/v2\/pages"}],"about":[{"href":"https:\/\/zybmica.guru\/index.php?rest_route=\/wp\/v2\/types\/page"}],"author":[{"embeddable":true,"href":"https:\/\/zybmica.guru\/index.php?rest_route=\/wp\/v2\/users\/1"}],"replies":[{"embeddable":true,"href":"https:\/\/zybmica.guru\/index.php?rest_route=%2Fwp%2Fv2%2Fcomments&post=53"}],"version-history":[{"count":1,"href":"https:\/\/zybmica.guru\/index.php?rest_route=\/wp\/v2\/pages\/53\/revisions"}],"predecessor-version":[{"id":54,"href":"https:\/\/zybmica.guru\/index.php?rest_route=\/wp\/v2\/pages\/53\/revisions\/54"}],"wp:attachment":[{"href":"https:\/\/zybmica.guru\/index.php?rest_route=%2Fwp%2Fv2%2Fmedia&parent=53"}],"curies":[{"name":"wp","href":"https:\/\/api.w.org\/{rel}","templated":true}]}}