{"id":55,"date":"2026-03-16T13:59:40","date_gmt":"2026-03-16T13:59:40","guid":{"rendered":"https:\/\/zybmica.guru\/?page_id=55"},"modified":"2026-03-16T13:59:48","modified_gmt":"2026-03-16T13:59:48","slug":"die-anatomie-der-praezision-unsere-technik","status":"publish","type":"page","link":"https:\/\/zybmica.guru\/?page_id=55","title":{"rendered":"Die Anatomie der Pr\u00e4zision : Unsere Technik"},"content":{"rendered":"\n<p>Gravur ist bei zybmica die Kunst : Materie durch kontrollierte Abtragung eine dauerhafte Bedeutung zu verleihen. Mein Name ist Kevin Kobalter und in meinem Berliner Atelier nutzen wir hochenergetische Lichtstrahlen sowie klassische mechanische Verfahren : um Oberfl\u00e4chen auf den Mikrometer genau zu bearbeiten. Wir verstehen uns als Schnittstelle zwischen moderner Technologie sowie traditioneller Handwerkskunst.<\/p>\n\n\n\n<p><strong>Der Prozess bei zybmica :<\/strong> Jedes Werkst\u00fcck durchl\u00e4uft eine digitale Vorbereitung : bei der wir die Konturen sowie die Tiefe der Gravur festlegen. In der Schwedter Stra\u00dfe 34 setzen wir Systeme ein : die selbst feinste Details auf h\u00e4rtesten Metallen sichtbar machen. Ob Einzelst\u00fcck oder Kleinserie : Kevin Kobalter garantiert eine Ausf\u00fchrung : die frei von thermischen Verformungen bleibt und die strukturelle Integrit\u00e4t des Objekts bewahrt.<\/p>\n\n\n\n<blockquote class=\"wp-block-quote is-layout-flow wp-block-quote-is-layout-flow\">\n<p>&#8222;Eine Gravur von zybmica ist kein fl\u00fcchtiger Aufdruck : es ist eine physische Ver\u00e4nderung des Materials : die f\u00fcr die Ewigkeit bestimmt ist&#8220; : Kevin Kobalter<\/p>\n<\/blockquote>\n","protected":false},"excerpt":{"rendered":"<p>Gravur ist bei zybmica die Kunst : Materie durch kontrollierte Abtragung eine dauerhafte Bedeutung zu verleihen. Mein Name ist Kevin<\/p>\n<p><a href=\"https:\/\/zybmica.guru\/?page_id=55\" class=\"more-link\">Continue reading<span class=\"screen-reader-text\">Die Anatomie der Pr\u00e4zision : Unsere Technik<\/span><\/a><\/p>\n","protected":false},"author":1,"featured_media":0,"parent":0,"menu_order":7,"comment_status":"closed","ping_status":"closed","template":"","meta":{"footnotes":""},"class_list":["post-55","page","type-page","status-publish","hentry"],"_links":{"self":[{"href":"https:\/\/zybmica.guru\/index.php?rest_route=\/wp\/v2\/pages\/55","targetHints":{"allow":["GET"]}}],"collection":[{"href":"https:\/\/zybmica.guru\/index.php?rest_route=\/wp\/v2\/pages"}],"about":[{"href":"https:\/\/zybmica.guru\/index.php?rest_route=\/wp\/v2\/types\/page"}],"author":[{"embeddable":true,"href":"https:\/\/zybmica.guru\/index.php?rest_route=\/wp\/v2\/users\/1"}],"replies":[{"embeddable":true,"href":"https:\/\/zybmica.guru\/index.php?rest_route=%2Fwp%2Fv2%2Fcomments&post=55"}],"version-history":[{"count":1,"href":"https:\/\/zybmica.guru\/index.php?rest_route=\/wp\/v2\/pages\/55\/revisions"}],"predecessor-version":[{"id":56,"href":"https:\/\/zybmica.guru\/index.php?rest_route=\/wp\/v2\/pages\/55\/revisions\/56"}],"wp:attachment":[{"href":"https:\/\/zybmica.guru\/index.php?rest_route=%2Fwp%2Fv2%2Fmedia&parent=55"}],"curies":[{"name":"wp","href":"https:\/\/api.w.org\/{rel}","templated":true}]}}