{"id":57,"date":"2026-03-16T14:00:01","date_gmt":"2026-03-16T14:00:01","guid":{"rendered":"https:\/\/zybmica.guru\/?page_id=57"},"modified":"2026-03-16T14:00:05","modified_gmt":"2026-03-16T14:00:05","slug":"materialkunde","status":"publish","type":"page","link":"https:\/\/zybmica.guru\/?page_id=57","title":{"rendered":"Materialkunde"},"content":{"rendered":"\n<p>Nicht jede Oberfl\u00e4che reagiert identisch auf den Prozess der Gravur. Kevin Kobalter analysiert die molekulare Struktur jedes Gegenstands : bevor die Bearbeitung beginnt. Bei zybmica arbeiten wir mit einer Vielzahl von Werkstoffen : die jeweils spezifische Parameter erfordern.<\/p>\n\n\n\n<figure class=\"wp-block-table\"><table class=\"has-fixed-layout\"><thead><tr><td><strong>Materialgruppe<\/strong><\/td><td><strong>Charakteristik der Gravur<\/strong><\/td><td><strong>Anwendungsbereich bei zybmica<\/strong><\/td><\/tr><\/thead><tbody><tr><td><strong>Edelst\u00e4hle<\/strong><\/td><td>Hoher Kontrast sowie extreme Abriebfestigkeit<\/td><td>Industrielle Kennzeichnung sowie Schmuck<\/td><\/tr><tr><td><strong>Edelmetalle<\/strong><\/td><td>Sanfte Tiefe sowie brillanter Glanz<\/td><td>Personalisierte Geschenke sowie Unikate<\/td><\/tr><tr><td><strong>Glasoptik<\/strong><\/td><td>Mattierte Eleganz durch Mikrosprengungen<\/td><td>Pokale sowie hochwertige Flakons<\/td><\/tr><tr><td><strong>Naturh\u00f6lzer<\/strong><\/td><td>Dunkle F\u00e4rbung durch Karbonisierung<\/td><td>Designobjekte sowie haptische Displays<\/td><\/tr><\/tbody><\/table><\/figure>\n\n\n\n<p>Die Wahl des richtigen Materials entscheidet \u00fcber die visuelle Kraft der Botschaft. In unserem Studio in Berlin Prenzlauer Berg beraten wir Sie umfassend zu den M\u00f6glichkeiten der Veredelung. Wir finden f\u00fcr jedes Substrat die optimale Frequenz sowie Geschwindigkeit : damit das Ergebnis den hohen Anspr\u00fcchen von zybmica entspricht.<\/p>\n","protected":false},"excerpt":{"rendered":"<p>Nicht jede Oberfl\u00e4che reagiert identisch auf den Prozess der Gravur. Kevin Kobalter analysiert die molekulare Struktur jedes Gegenstands : bevor<\/p>\n<p><a href=\"https:\/\/zybmica.guru\/?page_id=57\" class=\"more-link\">Continue reading<span class=\"screen-reader-text\">Materialkunde<\/span><\/a><\/p>\n","protected":false},"author":1,"featured_media":0,"parent":0,"menu_order":8,"comment_status":"closed","ping_status":"closed","template":"","meta":{"footnotes":""},"class_list":["post-57","page","type-page","status-publish","hentry"],"_links":{"self":[{"href":"https:\/\/zybmica.guru\/index.php?rest_route=\/wp\/v2\/pages\/57","targetHints":{"allow":["GET"]}}],"collection":[{"href":"https:\/\/zybmica.guru\/index.php?rest_route=\/wp\/v2\/pages"}],"about":[{"href":"https:\/\/zybmica.guru\/index.php?rest_route=\/wp\/v2\/types\/page"}],"author":[{"embeddable":true,"href":"https:\/\/zybmica.guru\/index.php?rest_route=\/wp\/v2\/users\/1"}],"replies":[{"embeddable":true,"href":"https:\/\/zybmica.guru\/index.php?rest_route=%2Fwp%2Fv2%2Fcomments&post=57"}],"version-history":[{"count":1,"href":"https:\/\/zybmica.guru\/index.php?rest_route=\/wp\/v2\/pages\/57\/revisions"}],"predecessor-version":[{"id":58,"href":"https:\/\/zybmica.guru\/index.php?rest_route=\/wp\/v2\/pages\/57\/revisions\/58"}],"wp:attachment":[{"href":"https:\/\/zybmica.guru\/index.php?rest_route=%2Fwp%2Fv2%2Fmedia&parent=57"}],"curies":[{"name":"wp","href":"https:\/\/api.w.org\/{rel}","templated":true}]}}