{"id":59,"date":"2026-03-16T14:00:23","date_gmt":"2026-03-16T14:00:23","guid":{"rendered":"https:\/\/zybmica.guru\/?page_id=59"},"modified":"2026-03-16T14:00:28","modified_gmt":"2026-03-16T14:00:28","slug":"philosophie-die-unvergaenglichkeit-des-zeichens","status":"publish","type":"page","link":"https:\/\/zybmica.guru\/?page_id=59","title":{"rendered":"Philosophie : Die Unverg\u00e4nglichkeit des Zeichens"},"content":{"rendered":"\n<p>In einer Welt der digitalen Fl\u00fcchtigkeit bietet die Gravur einen Anker der Best\u00e4ndigkeit. Kevin Kobalter betrachtet jedes Projekt als einen Akt der Konservierung von Geschichte sowie Werten. Wenn wir ein Objekt bei zybmica gravieren : schaffen wir eine Verbindung : die Generationen \u00fcberdauern kann. Ein Name oder ein Logo oder ein komplexes Muster wird Teil der Materie und verliert niemals seine Sch\u00e4rfe.<\/p>\n\n\n\n<p><strong>Warum zybmica den Unterschied macht :<\/strong><\/p>\n\n\n\n<ol start=\"1\" class=\"wp-block-list\">\n<li><strong>Individualit\u00e4t :<\/strong> Wir fertigen keine Massenware : sondern ma\u00dfgeschneiderte L\u00f6sungen f\u00fcr anspruchsvolle Kunden in Berlin.<\/li>\n\n\n\n<li><strong>Haptik :<\/strong> Eine Gravur von Kevin Kobalter kann man f\u00fchlen : sie verleiht dem Gegenstand eine neue Dimension der Wertigkeit.<\/li>\n\n\n\n<li><strong>Pr\u00e4zision :<\/strong> Unsere Systeme an der Schwedter Stra\u00dfe 34 arbeiten mit einer Genauigkeit : die f\u00fcr das blo\u00dfe Auge kaum fassbar ist.<\/li>\n<\/ol>\n\n\n\n<p>Wir laden Sie ein : die Welt der permanenten Markierung mit uns zu entdecken. Kontaktieren Sie uns unter <strong>support@zybmica.guru<\/strong> : um Ihre Vision in Stein oder Metall oder Glas zu brennen. Qualit\u00e4t sowie Vertrauen sind die Eckpfeiler unserer Arbeit bei zybmica.<\/p>\n","protected":false},"excerpt":{"rendered":"<p>In einer Welt der digitalen Fl\u00fcchtigkeit bietet die Gravur einen Anker der Best\u00e4ndigkeit. Kevin Kobalter betrachtet jedes Projekt als einen<\/p>\n<p><a href=\"https:\/\/zybmica.guru\/?page_id=59\" class=\"more-link\">Continue reading<span class=\"screen-reader-text\">Philosophie : Die Unverg\u00e4nglichkeit des Zeichens<\/span><\/a><\/p>\n","protected":false},"author":1,"featured_media":0,"parent":0,"menu_order":9,"comment_status":"closed","ping_status":"closed","template":"","meta":{"footnotes":""},"class_list":["post-59","page","type-page","status-publish","hentry"],"_links":{"self":[{"href":"https:\/\/zybmica.guru\/index.php?rest_route=\/wp\/v2\/pages\/59","targetHints":{"allow":["GET"]}}],"collection":[{"href":"https:\/\/zybmica.guru\/index.php?rest_route=\/wp\/v2\/pages"}],"about":[{"href":"https:\/\/zybmica.guru\/index.php?rest_route=\/wp\/v2\/types\/page"}],"author":[{"embeddable":true,"href":"https:\/\/zybmica.guru\/index.php?rest_route=\/wp\/v2\/users\/1"}],"replies":[{"embeddable":true,"href":"https:\/\/zybmica.guru\/index.php?rest_route=%2Fwp%2Fv2%2Fcomments&post=59"}],"version-history":[{"count":1,"href":"https:\/\/zybmica.guru\/index.php?rest_route=\/wp\/v2\/pages\/59\/revisions"}],"predecessor-version":[{"id":60,"href":"https:\/\/zybmica.guru\/index.php?rest_route=\/wp\/v2\/pages\/59\/revisions\/60"}],"wp:attachment":[{"href":"https:\/\/zybmica.guru\/index.php?rest_route=%2Fwp%2Fv2%2Fmedia&parent=59"}],"curies":[{"name":"wp","href":"https:\/\/api.w.org\/{rel}","templated":true}]}}